{"id":34,"date":"2018-08-30T01:16:46","date_gmt":"2018-08-30T01:16:46","guid":{"rendered":"http:\/\/www.ellobotaqueria.com\/wordpress\/?page_id=34"},"modified":"2018-09-12T13:17:06","modified_gmt":"2018-09-12T18:17:06","slug":"eventos-lobo","status":"publish","type":"page","link":"https:\/\/www.ellobotaqueria.com\/wordpress\/?page_id=34","title":{"rendered":"Eventos Lobo"},"content":{"rendered":"\n<p>Preg\u00fantanos y cotizaci\u00f3n con nosotros sin compromiso.<\/p>\n\n\n\n<p>Te ayudamos en la organizaci\u00f3n de tu evento, para que te conviertas en un invitado mas.<\/p>\n\n\n\n<p>No te quedes con las ganas de darle lo mejor a tus invitados, podemos armar paquetes acoplados a tus necesidades.<\/p>\n\n\n\n<p>A continuaci\u00f3n te pedimos que llenes el formulario con tus datos y te podamos mandar nuestro catalogo con todos los paquetes predise\u00f1ados que manejamos.<\/p>\n\n\n\n<p>Pregunta por los servicios extras que tenemos para ti<\/p>\n\n\n\n<div class=\"wpcf7 no-js\" id=\"wpcf7-f186-o1\" lang=\"es-ES\" dir=\"ltr\">\n<div class=\"screen-reader-response\"><p role=\"status\" aria-live=\"polite\" aria-atomic=\"true\"><\/p> <ul><\/ul><\/div>\n<form action=\"\/wordpress\/index.php?rest_route=%2Fwp%2Fv2%2Fpages%2F34#wpcf7-f186-o1\" method=\"post\" class=\"wpcf7-form init\" aria-label=\"Formulario de contacto\" novalidate=\"novalidate\" data-status=\"init\">\n<div style=\"display: none;\">\n<input type=\"hidden\" name=\"_wpcf7\" value=\"186\" \/>\n<input type=\"hidden\" name=\"_wpcf7_version\" value=\"5.9.6\" \/>\n<input type=\"hidden\" name=\"_wpcf7_locale\" value=\"es_ES\" \/>\n<input type=\"hidden\" name=\"_wpcf7_unit_tag\" value=\"wpcf7-f186-o1\" \/>\n<input type=\"hidden\" name=\"_wpcf7_container_post\" value=\"0\" \/>\n<input type=\"hidden\" name=\"_wpcf7_posted_data_hash\" value=\"\" \/>\n<input type=\"hidden\" name=\"_wpcf7_recaptcha_response\" value=\"\" \/>\n<\/div>\n<p><label> Nombre (requerido)<br \/>\n<span class=\"wpcf7-form-control-wrap\" data-name=\"your-name\"><input size=\"40\" maxlength=\"80\" class=\"wpcf7-form-control wpcf7-text wpcf7-validates-as-required\" aria-required=\"true\" aria-invalid=\"false\" value=\"\" type=\"text\" name=\"your-name\" \/><\/span> <\/label>\n<\/p>\n<p><label> Tu correo electr\u00f3nico (requerido)<br \/>\n<span class=\"wpcf7-form-control-wrap\" data-name=\"your-email\"><input size=\"40\" maxlength=\"80\" class=\"wpcf7-form-control wpcf7-email wpcf7-validates-as-required wpcf7-text wpcf7-validates-as-email\" aria-required=\"true\" aria-invalid=\"false\" value=\"\" type=\"email\" name=\"your-email\" \/><\/span> <\/label>\n<\/p>\n<p><label> Telefono (requerido)<br \/>\n<span class=\"wpcf7-form-control-wrap\" data-name=\"Telefono\"><input size=\"40\" maxlength=\"80\" class=\"wpcf7-form-control wpcf7-tel wpcf7-validates-as-required wpcf7-text wpcf7-validates-as-tel\" aria-required=\"true\" aria-invalid=\"false\" value=\"\" type=\"tel\" name=\"Telefono\" \/><\/span> <\/label>\n<\/p>\n<p><label> Fecha de tu evento<br \/>\n<span class=\"wpcf7-form-control-wrap\" data-name=\"date-943\"><input class=\"wpcf7-form-control wpcf7-date wpcf7-validates-as-date\" aria-invalid=\"false\" value=\"\" type=\"date\" name=\"date-943\" \/><\/span> <\/label>\n<\/p>\n<p><label> Paquete<br \/>\n<span class=\"wpcf7-form-control-wrap\" data-name=\"Paquete\"><input size=\"40\" maxlength=\"80\" class=\"wpcf7-form-control wpcf7-text\" aria-invalid=\"false\" value=\"\" type=\"text\" name=\"Paquete\" \/><\/span> <\/label>\n<\/p>\n<p><label> Numero de Personas<br \/>\n<span class=\"wpcf7-form-control-wrap\" data-name=\"Numero\"><input size=\"40\" maxlength=\"80\" class=\"wpcf7-form-control wpcf7-text\" aria-invalid=\"false\" value=\"\" type=\"text\" name=\"Numero\" \/><\/span> <\/label>\n<\/p>\n<p><label> Ya nos has probado?<br \/>\n<span class=\"wpcf7-form-control-wrap\" data-name=\"Nosprobaste\"><input size=\"40\" maxlength=\"80\" class=\"wpcf7-form-control wpcf7-text\" aria-invalid=\"false\" value=\"\" type=\"text\" name=\"Nosprobaste\" \/><\/span> <\/label>\n<\/p>\n<p><input class=\"wpcf7-form-control wpcf7-submit has-spinner\" type=\"submit\" value=\"Enviar\" \/>\n<\/p><p style=\"display: none !important;\" class=\"akismet-fields-container\" data-prefix=\"_wpcf7_ak_\"><label>&#916;<textarea name=\"_wpcf7_ak_hp_textarea\" cols=\"45\" rows=\"8\" maxlength=\"100\"><\/textarea><\/label><input type=\"hidden\" id=\"ak_js_1\" name=\"_wpcf7_ak_js\" value=\"68\"\/><script>document.getElementById( \"ak_js_1\" ).setAttribute( \"value\", ( new Date() ).getTime() );<\/script><\/p><div class=\"wpcf7-response-output\" aria-hidden=\"true\"><\/div>\n<\/form>\n<\/div>\n\n","protected":false},"excerpt":{"rendered":"<p>Preg\u00fantanos y cotizaci\u00f3n con nosotros sin compromiso. Te ayudamos en la organizaci\u00f3n de tu evento, para que te conviertas en un invitado mas. No te quedes con las ganas de darle lo mejor a tus invitados, podemos armar paquetes acoplados a tus necesidades. A continuaci\u00f3n te pedimos que llenes el formulario con tus datos y te podamos mandar nuestro catalogo con todos los paquetes predise\u00f1ados que manejamos. Pregunta por los servicios extras que tenemos para&hellip; <\/p>\n","protected":false},"author":1,"featured_media":0,"parent":0,"menu_order":5,"comment_status":"closed","ping_status":"closed","template":"","meta":{"footnotes":""},"_links":{"self":[{"href":"https:\/\/www.ellobotaqueria.com\/wordpress\/index.php?rest_route=\/wp\/v2\/pages\/34"}],"collection":[{"href":"https:\/\/www.ellobotaqueria.com\/wordpress\/index.php?rest_route=\/wp\/v2\/pages"}],"about":[{"href":"https:\/\/www.ellobotaqueria.com\/wordpress\/index.php?rest_route=\/wp\/v2\/types\/page"}],"author":[{"embeddable":true,"href":"https:\/\/www.ellobotaqueria.com\/wordpress\/index.php?rest_route=\/wp\/v2\/users\/1"}],"replies":[{"embeddable":true,"href":"https:\/\/www.ellobotaqueria.com\/wordpress\/index.php?rest_route=%2Fwp%2Fv2%2Fcomments&post=34"}],"version-history":[{"count":8,"href":"https:\/\/www.ellobotaqueria.com\/wordpress\/index.php?rest_route=\/wp\/v2\/pages\/34\/revisions"}],"predecessor-version":[{"id":191,"href":"https:\/\/www.ellobotaqueria.com\/wordpress\/index.php?rest_route=\/wp\/v2\/pages\/34\/revisions\/191"}],"wp:attachment":[{"href":"https:\/\/www.ellobotaqueria.com\/wordpress\/index.php?rest_route=%2Fwp%2Fv2%2Fmedia&parent=34"}],"curies":[{"name":"wp","href":"https:\/\/api.w.org\/{rel}","templated":true}]}}