{"id":90,"date":"2018-08-30T05:09:40","date_gmt":"2018-08-30T05:09:40","guid":{"rendered":"http:\/\/www.ellobotaqueria.com\/wordpress\/?page_id=90"},"modified":"2018-08-30T07:10:21","modified_gmt":"2018-08-30T07:10:21","slug":"pagina-principal","status":"publish","type":"page","link":"https:\/\/www.ellobotaqueria.com\/wordpress\/","title":{"rendered":"El Lobo Taquer\u00eda"},"content":{"rendered":"\n<p>Nuestro Objetivo es DARTE EL MEJOR SERVICIO.<\/p>\n\n\n\n<p>El Lobo Taquer\u00eda ha creado para ti, un nuevo concepto, el cual se basa en la combinacion de 3 elementos en el servicio, este concepto lleva como nombre; Experiencia Lobo.<\/p>\n\n\n\n<p>LA Experiencia Lobo\u00a0 es aquella combinaci\u00f3n de Atenci\u00f3n Personalizada de cada uno de de nuestro personal que te har\u00e1 sentir como en casa, Sabor, Calidad y Servicio son nuestros principales objetivos para poder atenderte como te mereces.<\/p>\n\n\n\n<p style=\"font-size:18px\">Te ofrecemos\u00a0SERVICIO A DOMICILIO\u00a0en cada una de nuestras sucursales. Pregunta si tu direcci\u00f3n entra en la\u00a0ZONA DE REPARTO.<\/p>\n\n\n\n<p style=\"font-size:18px\">Tambien proporcionamos servicios de\u00a0CATERING,\u00a0TAQUIZAS Y PARRILLADAS\u00a0para todo tipo de eventos y celebracionesNo dudes en\u00a0pedir tu cotizaci\u00f3n, sin ning\u00fan compromiso.<\/p>\n\n\n\n<p>Nuestra carta completa y la amplia selecci\u00f3n de platillos dejara satisfecho incluso a los clientes m\u00e1s exigentes.<\/p>\n\n\n\n<p>Cocina exquisita, atenci\u00f3n a los detalles y un excelente servicio al cliente, esto y mucho m\u00e1s es lo que puede esperar de El Lobo Taqueria.<\/p>\n","protected":false},"excerpt":{"rendered":"<p>Nuestro Objetivo es DARTE EL MEJOR SERVICIO. El Lobo Taquer\u00eda ha creado para ti, un nuevo concepto, el cual se basa en la combinacion de 3 elementos en el servicio, este concepto lleva como nombre; Experiencia Lobo. LA Experiencia Lobo\u00a0 es aquella combinaci\u00f3n de Atenci\u00f3n Personalizada de cada uno de de nuestro personal que te har\u00e1 sentir como en casa, Sabor, Calidad y Servicio son nuestros principales objetivos para poder atenderte como te mereces. Te&hellip; <\/p>\n","protected":false},"author":1,"featured_media":0,"parent":0,"menu_order":0,"comment_status":"closed","ping_status":"closed","template":"","meta":{"footnotes":""},"_links":{"self":[{"href":"https:\/\/www.ellobotaqueria.com\/wordpress\/index.php?rest_route=\/wp\/v2\/pages\/90"}],"collection":[{"href":"https:\/\/www.ellobotaqueria.com\/wordpress\/index.php?rest_route=\/wp\/v2\/pages"}],"about":[{"href":"https:\/\/www.ellobotaqueria.com\/wordpress\/index.php?rest_route=\/wp\/v2\/types\/page"}],"author":[{"embeddable":true,"href":"https:\/\/www.ellobotaqueria.com\/wordpress\/index.php?rest_route=\/wp\/v2\/users\/1"}],"replies":[{"embeddable":true,"href":"https:\/\/www.ellobotaqueria.com\/wordpress\/index.php?rest_route=%2Fwp%2Fv2%2Fcomments&post=90"}],"version-history":[{"count":4,"href":"https:\/\/www.ellobotaqueria.com\/wordpress\/index.php?rest_route=\/wp\/v2\/pages\/90\/revisions"}],"predecessor-version":[{"id":147,"href":"https:\/\/www.ellobotaqueria.com\/wordpress\/index.php?rest_route=\/wp\/v2\/pages\/90\/revisions\/147"}],"wp:attachment":[{"href":"https:\/\/www.ellobotaqueria.com\/wordpress\/index.php?rest_route=%2Fwp%2Fv2%2Fmedia&parent=90"}],"curies":[{"name":"wp","href":"https:\/\/api.w.org\/{rel}","templated":true}]}}